{"id":378,"date":"2018-03-14T08:17:46","date_gmt":"2018-03-14T07:17:46","guid":{"rendered":"http:\/\/orf-hassfurt.eu.itstall.de\/?page_id=378"},"modified":"2021-08-12T08:41:28","modified_gmt":"2021-08-12T06:41:28","slug":"sonstige-vereinsmeister","status":"publish","type":"page","link":"https:\/\/www.orf-hassfurt.eu\/index.php\/sonstige-vereinsmeister\/","title":{"rendered":"Sonstige Vereinsmeister"},"content":{"rendered":"<p>2021 -&gt; Crawler<br \/><img loading=\"lazy\" decoding=\"async\" class=\"alignnone wp-image-351\" src=\"http:\/\/orf-hassfurt.eu.itstall.de\/wp-content\/uploads\/2018\/03\/Pokal_gold.png\" alt=\"\" width=\"24\" height=\"23\" srcset=\"https:\/\/www.orf-hassfurt.eu\/wp-content\/uploads\/2018\/03\/Pokal_gold.png 284w, https:\/\/www.orf-hassfurt.eu\/wp-content\/uploads\/2018\/03\/Pokal_gold-150x150.png 150w, https:\/\/www.orf-hassfurt.eu\/wp-content\/uploads\/2018\/03\/Pokal_gold-100x100.png 100w\" sizes=\"auto, (max-width: 24px) 100vw, 24px\" \/>Erwin Helfrich<br \/><img loading=\"lazy\" decoding=\"async\" class=\"alignnone wp-image-352\" src=\"http:\/\/orf-hassfurt.eu.itstall.de\/wp-content\/uploads\/2018\/03\/Pokal_silber.png\" alt=\"\" width=\"24\" height=\"23\" srcset=\"https:\/\/www.orf-hassfurt.eu\/wp-content\/uploads\/2018\/03\/Pokal_silber.png 284w, https:\/\/www.orf-hassfurt.eu\/wp-content\/uploads\/2018\/03\/Pokal_silber-150x150.png 150w, https:\/\/www.orf-hassfurt.eu\/wp-content\/uploads\/2018\/03\/Pokal_silber-100x100.png 100w\" sizes=\"auto, (max-width: 24px) 100vw, 24px\" \/>Jerome Penzler<br \/><img loading=\"lazy\" decoding=\"async\" class=\"alignnone wp-image-350\" src=\"http:\/\/orf-hassfurt.eu.itstall.de\/wp-content\/uploads\/2018\/03\/Pokal_bronze.png\" alt=\"\" width=\"24\" height=\"23\" srcset=\"https:\/\/www.orf-hassfurt.eu\/wp-content\/uploads\/2018\/03\/Pokal_bronze.png 284w, https:\/\/www.orf-hassfurt.eu\/wp-content\/uploads\/2018\/03\/Pokal_bronze-150x150.png 150w, https:\/\/www.orf-hassfurt.eu\/wp-content\/uploads\/2018\/03\/Pokal_bronze-100x100.png 100w\" sizes=\"auto, (max-width: 24px) 100vw, 24px\" \/>Mario St\u00f6hr<\/p>\n<p>2021 -&gt; 1:8 Onroad<br \/><img loading=\"lazy\" decoding=\"async\" class=\"alignnone wp-image-351\" src=\"http:\/\/orf-hassfurt.eu.itstall.de\/wp-content\/uploads\/2018\/03\/Pokal_gold.png\" alt=\"\" width=\"24\" height=\"23\" srcset=\"https:\/\/www.orf-hassfurt.eu\/wp-content\/uploads\/2018\/03\/Pokal_gold.png 284w, https:\/\/www.orf-hassfurt.eu\/wp-content\/uploads\/2018\/03\/Pokal_gold-150x150.png 150w, https:\/\/www.orf-hassfurt.eu\/wp-content\/uploads\/2018\/03\/Pokal_gold-100x100.png 100w\" sizes=\"auto, (max-width: 24px) 100vw, 24px\" \/>Jan Fu\u00df<br \/><img loading=\"lazy\" decoding=\"async\" class=\"alignnone wp-image-352\" src=\"http:\/\/orf-hassfurt.eu.itstall.de\/wp-content\/uploads\/2018\/03\/Pokal_silber.png\" alt=\"\" width=\"24\" height=\"23\" srcset=\"https:\/\/www.orf-hassfurt.eu\/wp-content\/uploads\/2018\/03\/Pokal_silber.png 284w, https:\/\/www.orf-hassfurt.eu\/wp-content\/uploads\/2018\/03\/Pokal_silber-150x150.png 150w, https:\/\/www.orf-hassfurt.eu\/wp-content\/uploads\/2018\/03\/Pokal_silber-100x100.png 100w\" sizes=\"auto, (max-width: 24px) 100vw, 24px\" \/>Oliver Helfrich<br \/><img loading=\"lazy\" decoding=\"async\" class=\"alignnone wp-image-350\" src=\"http:\/\/orf-hassfurt.eu.itstall.de\/wp-content\/uploads\/2018\/03\/Pokal_bronze.png\" alt=\"\" width=\"24\" height=\"23\" srcset=\"https:\/\/www.orf-hassfurt.eu\/wp-content\/uploads\/2018\/03\/Pokal_bronze.png 284w, https:\/\/www.orf-hassfurt.eu\/wp-content\/uploads\/2018\/03\/Pokal_bronze-150x150.png 150w, https:\/\/www.orf-hassfurt.eu\/wp-content\/uploads\/2018\/03\/Pokal_bronze-100x100.png 100w\" sizes=\"auto, (max-width: 24px) 100vw, 24px\" \/>Lukas Kollmann<\/p>\n<p>2020 -&gt; 1:8 Onroad<br \/><img loading=\"lazy\" decoding=\"async\" class=\"alignnone wp-image-351\" src=\"http:\/\/orf-hassfurt.eu.itstall.de\/wp-content\/uploads\/2018\/03\/Pokal_gold.png\" alt=\"\" width=\"24\" height=\"23\" srcset=\"https:\/\/www.orf-hassfurt.eu\/wp-content\/uploads\/2018\/03\/Pokal_gold.png 284w, https:\/\/www.orf-hassfurt.eu\/wp-content\/uploads\/2018\/03\/Pokal_gold-150x150.png 150w, https:\/\/www.orf-hassfurt.eu\/wp-content\/uploads\/2018\/03\/Pokal_gold-100x100.png 100w\" sizes=\"auto, (max-width: 24px) 100vw, 24px\" \/>Marco Wambach<br \/><img loading=\"lazy\" decoding=\"async\" class=\"alignnone wp-image-352\" src=\"http:\/\/orf-hassfurt.eu.itstall.de\/wp-content\/uploads\/2018\/03\/Pokal_silber.png\" alt=\"\" width=\"24\" height=\"23\" srcset=\"https:\/\/www.orf-hassfurt.eu\/wp-content\/uploads\/2018\/03\/Pokal_silber.png 284w, https:\/\/www.orf-hassfurt.eu\/wp-content\/uploads\/2018\/03\/Pokal_silber-150x150.png 150w, https:\/\/www.orf-hassfurt.eu\/wp-content\/uploads\/2018\/03\/Pokal_silber-100x100.png 100w\" sizes=\"auto, (max-width: 24px) 100vw, 24px\" \/>Mario St\u00f6hr<br \/><img loading=\"lazy\" decoding=\"async\" class=\"alignnone wp-image-350\" src=\"http:\/\/orf-hassfurt.eu.itstall.de\/wp-content\/uploads\/2018\/03\/Pokal_bronze.png\" alt=\"\" width=\"24\" height=\"23\" srcset=\"https:\/\/www.orf-hassfurt.eu\/wp-content\/uploads\/2018\/03\/Pokal_bronze.png 284w, https:\/\/www.orf-hassfurt.eu\/wp-content\/uploads\/2018\/03\/Pokal_bronze-150x150.png 150w, https:\/\/www.orf-hassfurt.eu\/wp-content\/uploads\/2018\/03\/Pokal_bronze-100x100.png 100w\" sizes=\"auto, (max-width: 24px) 100vw, 24px\" \/>Oliver Helfrich<\/p>\n<p>2019 -&gt; 1:8 Onroad<br \/><img loading=\"lazy\" decoding=\"async\" class=\"alignnone wp-image-351\" src=\"http:\/\/orf-hassfurt.eu.itstall.de\/wp-content\/uploads\/2018\/03\/Pokal_gold.png\" alt=\"\" width=\"24\" height=\"23\" srcset=\"https:\/\/www.orf-hassfurt.eu\/wp-content\/uploads\/2018\/03\/Pokal_gold.png 284w, https:\/\/www.orf-hassfurt.eu\/wp-content\/uploads\/2018\/03\/Pokal_gold-150x150.png 150w, https:\/\/www.orf-hassfurt.eu\/wp-content\/uploads\/2018\/03\/Pokal_gold-100x100.png 100w\" sizes=\"auto, (max-width: 24px) 100vw, 24px\" \/>Jan Fu\u00df<br \/><img loading=\"lazy\" decoding=\"async\" class=\"alignnone wp-image-352\" src=\"http:\/\/orf-hassfurt.eu.itstall.de\/wp-content\/uploads\/2018\/03\/Pokal_silber.png\" alt=\"\" width=\"24\" height=\"23\" srcset=\"https:\/\/www.orf-hassfurt.eu\/wp-content\/uploads\/2018\/03\/Pokal_silber.png 284w, https:\/\/www.orf-hassfurt.eu\/wp-content\/uploads\/2018\/03\/Pokal_silber-150x150.png 150w, https:\/\/www.orf-hassfurt.eu\/wp-content\/uploads\/2018\/03\/Pokal_silber-100x100.png 100w\" sizes=\"auto, (max-width: 24px) 100vw, 24px\" \/>Mario St\u00f6hr<br \/><img loading=\"lazy\" decoding=\"async\" class=\"alignnone wp-image-350\" src=\"http:\/\/orf-hassfurt.eu.itstall.de\/wp-content\/uploads\/2018\/03\/Pokal_bronze.png\" alt=\"\" width=\"24\" height=\"23\" srcset=\"https:\/\/www.orf-hassfurt.eu\/wp-content\/uploads\/2018\/03\/Pokal_bronze.png 284w, https:\/\/www.orf-hassfurt.eu\/wp-content\/uploads\/2018\/03\/Pokal_bronze-150x150.png 150w, https:\/\/www.orf-hassfurt.eu\/wp-content\/uploads\/2018\/03\/Pokal_bronze-100x100.png 100w\" sizes=\"auto, (max-width: 24px) 100vw, 24px\" \/>Frank Papst<\/p>\n<p>2018 -&gt; Crawler<br \/><img loading=\"lazy\" decoding=\"async\" class=\"alignnone wp-image-351\" src=\"http:\/\/orf-hassfurt.eu.itstall.de\/wp-content\/uploads\/2018\/03\/Pokal_gold.png\" alt=\"\" width=\"24\" height=\"23\" srcset=\"https:\/\/www.orf-hassfurt.eu\/wp-content\/uploads\/2018\/03\/Pokal_gold.png 284w, https:\/\/www.orf-hassfurt.eu\/wp-content\/uploads\/2018\/03\/Pokal_gold-150x150.png 150w, https:\/\/www.orf-hassfurt.eu\/wp-content\/uploads\/2018\/03\/Pokal_gold-100x100.png 100w\" sizes=\"auto, (max-width: 24px) 100vw, 24px\" \/>Tobias Thieltges<br \/><img loading=\"lazy\" decoding=\"async\" class=\"alignnone wp-image-352\" src=\"http:\/\/orf-hassfurt.eu.itstall.de\/wp-content\/uploads\/2018\/03\/Pokal_silber.png\" alt=\"\" width=\"24\" height=\"23\" srcset=\"https:\/\/www.orf-hassfurt.eu\/wp-content\/uploads\/2018\/03\/Pokal_silber.png 284w, https:\/\/www.orf-hassfurt.eu\/wp-content\/uploads\/2018\/03\/Pokal_silber-150x150.png 150w, https:\/\/www.orf-hassfurt.eu\/wp-content\/uploads\/2018\/03\/Pokal_silber-100x100.png 100w\" sizes=\"auto, (max-width: 24px) 100vw, 24px\" \/>Marco Pfrang<br \/><img loading=\"lazy\" decoding=\"async\" class=\"alignnone wp-image-350\" src=\"http:\/\/orf-hassfurt.eu.itstall.de\/wp-content\/uploads\/2018\/03\/Pokal_bronze.png\" alt=\"\" width=\"24\" height=\"23\" srcset=\"https:\/\/www.orf-hassfurt.eu\/wp-content\/uploads\/2018\/03\/Pokal_bronze.png 284w, https:\/\/www.orf-hassfurt.eu\/wp-content\/uploads\/2018\/03\/Pokal_bronze-150x150.png 150w, https:\/\/www.orf-hassfurt.eu\/wp-content\/uploads\/2018\/03\/Pokal_bronze-100x100.png 100w\" sizes=\"auto, (max-width: 24px) 100vw, 24px\" \/>Sabine Thieltges<\/p>\n<p>2018 -&gt; 1:8 Onroad<br \/><img loading=\"lazy\" decoding=\"async\" class=\"alignnone wp-image-351\" src=\"http:\/\/orf-hassfurt.eu.itstall.de\/wp-content\/uploads\/2018\/03\/Pokal_gold.png\" alt=\"\" width=\"24\" height=\"23\" srcset=\"https:\/\/www.orf-hassfurt.eu\/wp-content\/uploads\/2018\/03\/Pokal_gold.png 284w, https:\/\/www.orf-hassfurt.eu\/wp-content\/uploads\/2018\/03\/Pokal_gold-150x150.png 150w, https:\/\/www.orf-hassfurt.eu\/wp-content\/uploads\/2018\/03\/Pokal_gold-100x100.png 100w\" sizes=\"auto, (max-width: 24px) 100vw, 24px\" \/>Oliver Helfrich<br \/><img loading=\"lazy\" decoding=\"async\" class=\"alignnone wp-image-352\" src=\"http:\/\/orf-hassfurt.eu.itstall.de\/wp-content\/uploads\/2018\/03\/Pokal_silber.png\" alt=\"\" width=\"24\" height=\"23\" srcset=\"https:\/\/www.orf-hassfurt.eu\/wp-content\/uploads\/2018\/03\/Pokal_silber.png 284w, https:\/\/www.orf-hassfurt.eu\/wp-content\/uploads\/2018\/03\/Pokal_silber-150x150.png 150w, https:\/\/www.orf-hassfurt.eu\/wp-content\/uploads\/2018\/03\/Pokal_silber-100x100.png 100w\" sizes=\"auto, (max-width: 24px) 100vw, 24px\" \/>Marco Wambach<br \/><img loading=\"lazy\" decoding=\"async\" class=\"alignnone wp-image-350\" src=\"http:\/\/orf-hassfurt.eu.itstall.de\/wp-content\/uploads\/2018\/03\/Pokal_bronze.png\" alt=\"\" width=\"24\" height=\"23\" srcset=\"https:\/\/www.orf-hassfurt.eu\/wp-content\/uploads\/2018\/03\/Pokal_bronze.png 284w, https:\/\/www.orf-hassfurt.eu\/wp-content\/uploads\/2018\/03\/Pokal_bronze-150x150.png 150w, https:\/\/www.orf-hassfurt.eu\/wp-content\/uploads\/2018\/03\/Pokal_bronze-100x100.png 100w\" sizes=\"auto, (max-width: 24px) 100vw, 24px\" \/>Tobias Thieltges<\/p>\n<p>2017 -&gt; 1:8 Onroad<br \/><img loading=\"lazy\" decoding=\"async\" class=\"alignnone wp-image-351\" src=\"http:\/\/orf-hassfurt.eu.itstall.de\/wp-content\/uploads\/2018\/03\/Pokal_gold.png\" alt=\"\" width=\"24\" height=\"23\" srcset=\"https:\/\/www.orf-hassfurt.eu\/wp-content\/uploads\/2018\/03\/Pokal_gold.png 284w, https:\/\/www.orf-hassfurt.eu\/wp-content\/uploads\/2018\/03\/Pokal_gold-150x150.png 150w, https:\/\/www.orf-hassfurt.eu\/wp-content\/uploads\/2018\/03\/Pokal_gold-100x100.png 100w\" sizes=\"auto, (max-width: 24px) 100vw, 24px\" \/>Oliver Helfrich<br \/><img loading=\"lazy\" decoding=\"async\" class=\"alignnone wp-image-352\" src=\"http:\/\/orf-hassfurt.eu.itstall.de\/wp-content\/uploads\/2018\/03\/Pokal_silber.png\" alt=\"\" width=\"24\" height=\"23\" srcset=\"https:\/\/www.orf-hassfurt.eu\/wp-content\/uploads\/2018\/03\/Pokal_silber.png 284w, https:\/\/www.orf-hassfurt.eu\/wp-content\/uploads\/2018\/03\/Pokal_silber-150x150.png 150w, https:\/\/www.orf-hassfurt.eu\/wp-content\/uploads\/2018\/03\/Pokal_silber-100x100.png 100w\" sizes=\"auto, (max-width: 24px) 100vw, 24px\" \/>Jan Fu\u00df<br \/><img loading=\"lazy\" decoding=\"async\" class=\"alignnone wp-image-350\" src=\"http:\/\/orf-hassfurt.eu.itstall.de\/wp-content\/uploads\/2018\/03\/Pokal_bronze.png\" alt=\"\" width=\"24\" height=\"23\" srcset=\"https:\/\/www.orf-hassfurt.eu\/wp-content\/uploads\/2018\/03\/Pokal_bronze.png 284w, https:\/\/www.orf-hassfurt.eu\/wp-content\/uploads\/2018\/03\/Pokal_bronze-150x150.png 150w, https:\/\/www.orf-hassfurt.eu\/wp-content\/uploads\/2018\/03\/Pokal_bronze-100x100.png 100w\" sizes=\"auto, (max-width: 24px) 100vw, 24px\" \/>Mario St\u00f6hr<\/p>\n<p>2016 -&gt; Fun 2WD<br \/><img loading=\"lazy\" decoding=\"async\" class=\"alignnone wp-image-351\" src=\"http:\/\/orf-hassfurt.eu.itstall.de\/wp-content\/uploads\/2018\/03\/Pokal_gold.png\" alt=\"\" width=\"24\" height=\"23\" srcset=\"https:\/\/www.orf-hassfurt.eu\/wp-content\/uploads\/2018\/03\/Pokal_gold.png 284w, https:\/\/www.orf-hassfurt.eu\/wp-content\/uploads\/2018\/03\/Pokal_gold-150x150.png 150w, https:\/\/www.orf-hassfurt.eu\/wp-content\/uploads\/2018\/03\/Pokal_gold-100x100.png 100w\" sizes=\"auto, (max-width: 24px) 100vw, 24px\" \/>Marco Wambach<br \/><img loading=\"lazy\" decoding=\"async\" class=\"alignnone wp-image-352\" src=\"http:\/\/orf-hassfurt.eu.itstall.de\/wp-content\/uploads\/2018\/03\/Pokal_silber.png\" alt=\"\" width=\"24\" height=\"23\" srcset=\"https:\/\/www.orf-hassfurt.eu\/wp-content\/uploads\/2018\/03\/Pokal_silber.png 284w, https:\/\/www.orf-hassfurt.eu\/wp-content\/uploads\/2018\/03\/Pokal_silber-150x150.png 150w, https:\/\/www.orf-hassfurt.eu\/wp-content\/uploads\/2018\/03\/Pokal_silber-100x100.png 100w\" sizes=\"auto, (max-width: 24px) 100vw, 24px\" \/>Harald Escher<br \/><img loading=\"lazy\" decoding=\"async\" class=\"alignnone wp-image-350\" src=\"http:\/\/orf-hassfurt.eu.itstall.de\/wp-content\/uploads\/2018\/03\/Pokal_bronze.png\" alt=\"\" width=\"24\" height=\"23\" srcset=\"https:\/\/www.orf-hassfurt.eu\/wp-content\/uploads\/2018\/03\/Pokal_bronze.png 284w, https:\/\/www.orf-hassfurt.eu\/wp-content\/uploads\/2018\/03\/Pokal_bronze-150x150.png 150w, https:\/\/www.orf-hassfurt.eu\/wp-content\/uploads\/2018\/03\/Pokal_bronze-100x100.png 100w\" sizes=\"auto, (max-width: 24px) 100vw, 24px\" \/>Mario St\u00f6hr<\/p>\n<p>2010 -&gt; 1:5 Onroad<br \/><img loading=\"lazy\" decoding=\"async\" class=\"alignnone wp-image-351\" src=\"http:\/\/orf-hassfurt.eu.itstall.de\/wp-content\/uploads\/2018\/03\/Pokal_gold.png\" alt=\"\" width=\"24\" height=\"23\" srcset=\"https:\/\/www.orf-hassfurt.eu\/wp-content\/uploads\/2018\/03\/Pokal_gold.png 284w, https:\/\/www.orf-hassfurt.eu\/wp-content\/uploads\/2018\/03\/Pokal_gold-150x150.png 150w, https:\/\/www.orf-hassfurt.eu\/wp-content\/uploads\/2018\/03\/Pokal_gold-100x100.png 100w\" sizes=\"auto, (max-width: 24px) 100vw, 24px\" \/>Chrisian Weis<br \/><img loading=\"lazy\" decoding=\"async\" class=\"alignnone wp-image-352\" src=\"http:\/\/orf-hassfurt.eu.itstall.de\/wp-content\/uploads\/2018\/03\/Pokal_silber.png\" alt=\"\" width=\"24\" height=\"23\" srcset=\"https:\/\/www.orf-hassfurt.eu\/wp-content\/uploads\/2018\/03\/Pokal_silber.png 284w, https:\/\/www.orf-hassfurt.eu\/wp-content\/uploads\/2018\/03\/Pokal_silber-150x150.png 150w, https:\/\/www.orf-hassfurt.eu\/wp-content\/uploads\/2018\/03\/Pokal_silber-100x100.png 100w\" sizes=\"auto, (max-width: 24px) 100vw, 24px\" \/>Mario St\u00f6hr<br \/><img loading=\"lazy\" decoding=\"async\" class=\"alignnone wp-image-350\" src=\"http:\/\/orf-hassfurt.eu.itstall.de\/wp-content\/uploads\/2018\/03\/Pokal_bronze.png\" alt=\"\" width=\"24\" height=\"23\" srcset=\"https:\/\/www.orf-hassfurt.eu\/wp-content\/uploads\/2018\/03\/Pokal_bronze.png 284w, https:\/\/www.orf-hassfurt.eu\/wp-content\/uploads\/2018\/03\/Pokal_bronze-150x150.png 150w, https:\/\/www.orf-hassfurt.eu\/wp-content\/uploads\/2018\/03\/Pokal_bronze-100x100.png 100w\" sizes=\"auto, (max-width: 24px) 100vw, 24px\" \/>Klaus Breunig<\/p>\n<p>2009 -&gt; 1:5 Onroad<br \/><img loading=\"lazy\" decoding=\"async\" class=\"alignnone wp-image-351\" src=\"http:\/\/orf-hassfurt.eu.itstall.de\/wp-content\/uploads\/2018\/03\/Pokal_gold.png\" alt=\"\" width=\"24\" height=\"23\" srcset=\"https:\/\/www.orf-hassfurt.eu\/wp-content\/uploads\/2018\/03\/Pokal_gold.png 284w, https:\/\/www.orf-hassfurt.eu\/wp-content\/uploads\/2018\/03\/Pokal_gold-150x150.png 150w, https:\/\/www.orf-hassfurt.eu\/wp-content\/uploads\/2018\/03\/Pokal_gold-100x100.png 100w\" sizes=\"auto, (max-width: 24px) 100vw, 24px\" \/>Mario St\u00f6hr<br \/><img loading=\"lazy\" decoding=\"async\" class=\"alignnone wp-image-352\" src=\"http:\/\/orf-hassfurt.eu.itstall.de\/wp-content\/uploads\/2018\/03\/Pokal_silber.png\" alt=\"\" width=\"24\" height=\"23\" srcset=\"https:\/\/www.orf-hassfurt.eu\/wp-content\/uploads\/2018\/03\/Pokal_silber.png 284w, https:\/\/www.orf-hassfurt.eu\/wp-content\/uploads\/2018\/03\/Pokal_silber-150x150.png 150w, https:\/\/www.orf-hassfurt.eu\/wp-content\/uploads\/2018\/03\/Pokal_silber-100x100.png 100w\" sizes=\"auto, (max-width: 24px) 100vw, 24px\" \/>Andreas Fu\u00df<br \/><img loading=\"lazy\" decoding=\"async\" class=\"alignnone wp-image-350\" src=\"http:\/\/orf-hassfurt.eu.itstall.de\/wp-content\/uploads\/2018\/03\/Pokal_bronze.png\" alt=\"\" width=\"24\" height=\"23\" srcset=\"https:\/\/www.orf-hassfurt.eu\/wp-content\/uploads\/2018\/03\/Pokal_bronze.png 284w, https:\/\/www.orf-hassfurt.eu\/wp-content\/uploads\/2018\/03\/Pokal_bronze-150x150.png 150w, https:\/\/www.orf-hassfurt.eu\/wp-content\/uploads\/2018\/03\/Pokal_bronze-100x100.png 100w\" sizes=\"auto, (max-width: 24px) 100vw, 24px\" \/>Christian Weis<\/p>\n\n\n<p><\/p>\n","protected":false},"excerpt":{"rendered":"<p>2021 -&gt; CrawlerErwin HelfrichJerome PenzlerMario St\u00f6hr 2021 -&gt; 1:8 OnroadJan Fu\u00dfOliver HelfrichLukas Kollmann 2020 -&gt; 1:8 OnroadMarco WambachMario St\u00f6hrOliver Helfrich 2019 -&gt; 1:8 OnroadJan Fu\u00dfMario St\u00f6hrFrank Papst 2018 -&gt; CrawlerTobias ThieltgesMarco PfrangSabine Thieltges 2018 -&gt; 1:8 OnroadOliver HelfrichMarco WambachTobias Thieltges 2017 -&gt; 1:8 OnroadOliver HelfrichJan Fu\u00dfMario St\u00f6hr 2016 -&gt; Fun 2WDMarco WambachHarald EscherMario St\u00f6hr 2010 [&hellip;]<\/p>\n","protected":false},"author":2,"featured_media":0,"parent":0,"menu_order":0,"comment_status":"closed","ping_status":"closed","template":"","meta":{"footnotes":""},"class_list":["post-378","page","type-page","status-publish","czr-hentry"],"aioseo_notices":[],"amp_enabled":true,"_links":{"self":[{"href":"https:\/\/www.orf-hassfurt.eu\/index.php\/wp-json\/wp\/v2\/pages\/378","targetHints":{"allow":["GET"]}}],"collection":[{"href":"https:\/\/www.orf-hassfurt.eu\/index.php\/wp-json\/wp\/v2\/pages"}],"about":[{"href":"https:\/\/www.orf-hassfurt.eu\/index.php\/wp-json\/wp\/v2\/types\/page"}],"author":[{"embeddable":true,"href":"https:\/\/www.orf-hassfurt.eu\/index.php\/wp-json\/wp\/v2\/users\/2"}],"replies":[{"embeddable":true,"href":"https:\/\/www.orf-hassfurt.eu\/index.php\/wp-json\/wp\/v2\/comments?post=378"}],"version-history":[{"count":5,"href":"https:\/\/www.orf-hassfurt.eu\/index.php\/wp-json\/wp\/v2\/pages\/378\/revisions"}],"predecessor-version":[{"id":1118,"href":"https:\/\/www.orf-hassfurt.eu\/index.php\/wp-json\/wp\/v2\/pages\/378\/revisions\/1118"}],"wp:attachment":[{"href":"https:\/\/www.orf-hassfurt.eu\/index.php\/wp-json\/wp\/v2\/media?parent=378"}],"curies":[{"name":"wp","href":"https:\/\/api.w.org\/{rel}","templated":true}]}}