{"id":308,"date":"2018-03-12T14:19:02","date_gmt":"2018-03-12T13:19:02","guid":{"rendered":"http:\/\/marchaepp.office.itstall.de\/?page_id=308"},"modified":"2026-04-09T10:02:46","modified_gmt":"2026-04-09T08:02:46","slug":"offroad-strecke","status":"publish","type":"page","link":"https:\/\/www.orf-hassfurt.eu\/index.php\/offroad-strecke\/","title":{"rendered":"Offroad Strecke"},"content":{"rendered":"<p><span class=\"ff1 cf0 fs48\"><strong>Die Offroadstrecke:<br \/><\/strong><\/span><\/p>\n<div class=\"x14z9mp xat24cr x1lziwak x1vvkbs xtlvy1s x126k92a\">\n<div dir=\"auto\">Das ist unsere neue Offroad Strecke!<span class=\"html-span xexx8yu xyri2b x18d9i69 x1c1uobl x1hl2dhg x16tdsg8 x1vvkbs x3nfvp2 x1j61x8r x1fcty0u xdj266r xat24cr xm2jcoa x1mpyi22 xxymvpz xlup9mm x1kky2od\"><img loading=\"lazy\" decoding=\"async\" class=\"xz74otr x15mokao x1ga7v0g x16uus16 xbiv7yw\" src=\"https:\/\/static.xx.fbcdn.net\/images\/emoji.php\/v9\/t5d\/1\/16\/26a1.png\" alt=\"\u26a1\ufe0f\" width=\"16\" height=\"16\" \/><\/span><span class=\"html-span xexx8yu xyri2b x18d9i69 x1c1uobl x1hl2dhg x16tdsg8 x1vvkbs x3nfvp2 x1j61x8r x1fcty0u xdj266r xat24cr xm2jcoa x1mpyi22 xxymvpz xlup9mm x1kky2od\"><img loading=\"lazy\" decoding=\"async\" class=\"xz74otr x15mokao x1ga7v0g x16uus16 xbiv7yw\" src=\"https:\/\/static.xx.fbcdn.net\/images\/emoji.php\/v9\/tfd\/1\/16\/1f64c.png\" alt=\"\ud83d\ude4c\" width=\"16\" height=\"16\" \/><\/span><\/div>\n<\/div>\n<div class=\"x14z9mp xat24cr x1lziwak x1vvkbs xtlvy1s x126k92a\">\n<div dir=\"auto\">Nach ein eineinhalb Jahren Umbauphase ist nun unsere Offroad Strecke fertig!<span class=\"html-span xexx8yu xyri2b x18d9i69 x1c1uobl x1hl2dhg x16tdsg8 x1vvkbs x3nfvp2 x1j61x8r x1fcty0u xdj266r xat24cr xm2jcoa x1mpyi22 xxymvpz xlup9mm x1kky2od\"><img loading=\"lazy\" decoding=\"async\" class=\"xz74otr x15mokao x1ga7v0g x16uus16 xbiv7yw\" src=\"https:\/\/static.xx.fbcdn.net\/images\/emoji.php\/v9\/t33\/1\/16\/2705.png\" alt=\"\u2705\" width=\"16\" height=\"16\" \/><\/span><\/div>\n<\/div>\n<div class=\"x14z9mp xat24cr x1lziwak x1vvkbs xtlvy1s x126k92a\">\n<div dir=\"auto\">Die urspr\u00fcngliche klasse Streckenf\u00fchrung ist an sich die gleiche geblieben, nur ist der Fahrbahnbelag komplett neu!<\/div>\n<div dir=\"auto\">Somit besteht unsere Strecke jetzt aus Schwei\u00dfbahn, Kunstrasen, Pflaster und Beton.<\/div>\n<div dir=\"auto\">Das Verh\u00e4ltnis der Bel\u00e4ge auf der Strecke ist gut auf jeweils ein viertel ausgeglichen.<\/div>\n<\/div>\n<div dir=\"auto\">\u00a0<\/div>\n<div class=\"x14z9mp xat24cr x1lziwak x1vvkbs xtlvy1s x126k92a\">\n<div dir=\"auto\">Also eine gute abwechslungsreiche Mischung!<\/div>\n<div dir=\"auto\">Und Grip ohne Ende..<span class=\"html-span xexx8yu xyri2b x18d9i69 x1c1uobl x1hl2dhg x16tdsg8 x1vvkbs x3nfvp2 x1j61x8r x1fcty0u xdj266r xat24cr xm2jcoa x1mpyi22 xxymvpz xlup9mm x1kky2od\"><img loading=\"lazy\" decoding=\"async\" class=\"xz74otr x15mokao x1ga7v0g x16uus16 xbiv7yw\" src=\"https:\/\/static.xx.fbcdn.net\/images\/emoji.php\/v9\/t20\/1\/16\/1f61c.png\" alt=\"\ud83d\ude1c\" width=\"16\" height=\"16\" \/><\/span><\/div>\n<div dir=\"auto\">Somit ist unsere Strecke jetzt in allen Aspekten f\u00fcr die Zukunft bereit!<\/div>\n<\/div>\n<div class=\"x14z9mp xat24cr x1lziwak x1vvkbs xtlvy1s x126k92a\">\n<div dir=\"auto\">Ob Jung oder Alt, auf der Strecke hat jeder mit einem geeigneten Fahrzeug gleicherma\u00dfen Spa\u00df.<\/div>\n<\/div>\n<p><span class=\"fs24 ff1 cf0\">Streckenbelag: Schwei\u00dfbahn, Kunstrasen, Pflaster und Beton<\/span><span class=\"cf1 fs20 ff1\">.<br \/><\/span><span class=\"fs24 cf1 ff1\">Hindernisse:<\/span><span class=\"fs20 cf1 ff1\"> 1 gro\u00dfer Table, 2 Gro\u00dfe Spr\u00fcnge, 1 kleiner Sprung, 5-fach Sprung Schikane, 4-fach Sprung-Table Kombination, abfallende 180 grad Kurve und die Monster-Steilkurve.<br \/><\/span><span class=\"fs24 cf1 ff1\">Erlaubte Fahrzeuge \/ Ma\u00dfstab: \u00a0<\/span><span class=\"fs20 cf1 ff1\"> maximal 1:8<\/span><\/p>\n\n<div class=\"su-image-carousel  su-image-carousel-columns-2 su-image-carousel-has-spacing su-image-carousel-crop su-image-carousel-crop-4-3 su-image-carousel-has-lightbox su-image-carousel-has-outline su-image-carousel-adaptive su-image-carousel-slides-style-photo su-image-carousel-controls-style-dark su-image-carousel-align-none\" style=\"\" data-flickity-options='{\"groupCells\":true,\"cellSelector\":\".su-image-carousel-item\",\"adaptiveHeight\":false,\"cellAlign\":\"left\",\"prevNextButtons\":true,\"pageDots\":false,\"autoPlay\":5000,\"imagesLoaded\":true,\"contain\":true,\"selectedAttraction\":0.025,\"friction\":0.28}' id=\"su_image_carousel_69d97f5bc901c\"><div class=\"su-image-carousel-item\"><div class=\"su-image-carousel-item-content\"><a href=\"https:\/\/www.orf-hassfurt.eu\/wp-content\/uploads\/2026\/04\/WhatsApp-Image-2026-04-08-at-15.40.09-1.jpeg\" target=\"_blank\" rel=\"noopener noreferrer\" data-caption=\"\"><img loading=\"lazy\" decoding=\"async\" width=\"1024\" height=\"768\" src=\"https:\/\/www.orf-hassfurt.eu\/wp-content\/uploads\/2026\/04\/WhatsApp-Image-2026-04-08-at-15.40.09-1-1024x768.jpeg\" class=\"\" alt=\"\" srcset=\"https:\/\/www.orf-hassfurt.eu\/wp-content\/uploads\/2026\/04\/WhatsApp-Image-2026-04-08-at-15.40.09-1-1024x768.jpeg 1024w, https:\/\/www.orf-hassfurt.eu\/wp-content\/uploads\/2026\/04\/WhatsApp-Image-2026-04-08-at-15.40.09-1-300x225.jpeg 300w, https:\/\/www.orf-hassfurt.eu\/wp-content\/uploads\/2026\/04\/WhatsApp-Image-2026-04-08-at-15.40.09-1-768x576.jpeg 768w, https:\/\/www.orf-hassfurt.eu\/wp-content\/uploads\/2026\/04\/WhatsApp-Image-2026-04-08-at-15.40.09-1-1536x1152.jpeg 1536w, https:\/\/www.orf-hassfurt.eu\/wp-content\/uploads\/2026\/04\/WhatsApp-Image-2026-04-08-at-15.40.09-1.jpeg 1600w\" sizes=\"auto, (max-width: 1024px) 100vw, 1024px\" \/><\/a><\/div><\/div><div class=\"su-image-carousel-item\"><div class=\"su-image-carousel-item-content\"><a href=\"https:\/\/www.orf-hassfurt.eu\/wp-content\/uploads\/2026\/04\/WhatsApp-Image-2026-04-08-at-15.40.09.jpeg\" target=\"_blank\" rel=\"noopener noreferrer\" data-caption=\"\"><img loading=\"lazy\" decoding=\"async\" width=\"1024\" height=\"768\" src=\"https:\/\/www.orf-hassfurt.eu\/wp-content\/uploads\/2026\/04\/WhatsApp-Image-2026-04-08-at-15.40.09-1024x768.jpeg\" class=\"\" alt=\"\" srcset=\"https:\/\/www.orf-hassfurt.eu\/wp-content\/uploads\/2026\/04\/WhatsApp-Image-2026-04-08-at-15.40.09-1024x768.jpeg 1024w, https:\/\/www.orf-hassfurt.eu\/wp-content\/uploads\/2026\/04\/WhatsApp-Image-2026-04-08-at-15.40.09-300x225.jpeg 300w, https:\/\/www.orf-hassfurt.eu\/wp-content\/uploads\/2026\/04\/WhatsApp-Image-2026-04-08-at-15.40.09-768x576.jpeg 768w, https:\/\/www.orf-hassfurt.eu\/wp-content\/uploads\/2026\/04\/WhatsApp-Image-2026-04-08-at-15.40.09-1536x1152.jpeg 1536w, https:\/\/www.orf-hassfurt.eu\/wp-content\/uploads\/2026\/04\/WhatsApp-Image-2026-04-08-at-15.40.09.jpeg 1600w\" sizes=\"auto, (max-width: 1024px) 100vw, 1024px\" \/><\/a><\/div><\/div><div class=\"su-image-carousel-item\"><div class=\"su-image-carousel-item-content\"><a href=\"https:\/\/www.orf-hassfurt.eu\/wp-content\/uploads\/2026\/04\/WhatsApp-Image-2026-04-08-at-15.40.10.jpeg\" target=\"_blank\" rel=\"noopener noreferrer\" data-caption=\"\"><img loading=\"lazy\" decoding=\"async\" width=\"1024\" height=\"768\" src=\"https:\/\/www.orf-hassfurt.eu\/wp-content\/uploads\/2026\/04\/WhatsApp-Image-2026-04-08-at-15.40.10-1024x768.jpeg\" class=\"\" alt=\"\" srcset=\"https:\/\/www.orf-hassfurt.eu\/wp-content\/uploads\/2026\/04\/WhatsApp-Image-2026-04-08-at-15.40.10-1024x768.jpeg 1024w, https:\/\/www.orf-hassfurt.eu\/wp-content\/uploads\/2026\/04\/WhatsApp-Image-2026-04-08-at-15.40.10-300x225.jpeg 300w, https:\/\/www.orf-hassfurt.eu\/wp-content\/uploads\/2026\/04\/WhatsApp-Image-2026-04-08-at-15.40.10-768x576.jpeg 768w, https:\/\/www.orf-hassfurt.eu\/wp-content\/uploads\/2026\/04\/WhatsApp-Image-2026-04-08-at-15.40.10-1536x1152.jpeg 1536w, https:\/\/www.orf-hassfurt.eu\/wp-content\/uploads\/2026\/04\/WhatsApp-Image-2026-04-08-at-15.40.10.jpeg 1600w\" sizes=\"auto, (max-width: 1024px) 100vw, 1024px\" \/><\/a><\/div><\/div><div class=\"su-image-carousel-item\"><div class=\"su-image-carousel-item-content\"><a href=\"https:\/\/www.orf-hassfurt.eu\/wp-content\/uploads\/2026\/04\/WhatsApp-Image-2026-04-08-at-15.40.10-1.jpeg\" target=\"_blank\" rel=\"noopener noreferrer\" data-caption=\"\"><img loading=\"lazy\" decoding=\"async\" width=\"1024\" height=\"768\" src=\"https:\/\/www.orf-hassfurt.eu\/wp-content\/uploads\/2026\/04\/WhatsApp-Image-2026-04-08-at-15.40.10-1-1024x768.jpeg\" class=\"\" alt=\"\" srcset=\"https:\/\/www.orf-hassfurt.eu\/wp-content\/uploads\/2026\/04\/WhatsApp-Image-2026-04-08-at-15.40.10-1-1024x768.jpeg 1024w, https:\/\/www.orf-hassfurt.eu\/wp-content\/uploads\/2026\/04\/WhatsApp-Image-2026-04-08-at-15.40.10-1-300x225.jpeg 300w, https:\/\/www.orf-hassfurt.eu\/wp-content\/uploads\/2026\/04\/WhatsApp-Image-2026-04-08-at-15.40.10-1-768x576.jpeg 768w, https:\/\/www.orf-hassfurt.eu\/wp-content\/uploads\/2026\/04\/WhatsApp-Image-2026-04-08-at-15.40.10-1-1536x1152.jpeg 1536w, https:\/\/www.orf-hassfurt.eu\/wp-content\/uploads\/2026\/04\/WhatsApp-Image-2026-04-08-at-15.40.10-1.jpeg 1600w\" sizes=\"auto, (max-width: 1024px) 100vw, 1024px\" \/><\/a><\/div><\/div><div class=\"su-image-carousel-item\"><div class=\"su-image-carousel-item-content\"><a href=\"https:\/\/www.orf-hassfurt.eu\/wp-content\/uploads\/2026\/04\/WhatsApp-Image-2026-04-08-at-15.40.09-3.jpeg\" target=\"_blank\" rel=\"noopener noreferrer\" data-caption=\"\"><img loading=\"lazy\" decoding=\"async\" width=\"1024\" height=\"768\" src=\"https:\/\/www.orf-hassfurt.eu\/wp-content\/uploads\/2026\/04\/WhatsApp-Image-2026-04-08-at-15.40.09-3-1024x768.jpeg\" class=\"\" alt=\"\" srcset=\"https:\/\/www.orf-hassfurt.eu\/wp-content\/uploads\/2026\/04\/WhatsApp-Image-2026-04-08-at-15.40.09-3-1024x768.jpeg 1024w, https:\/\/www.orf-hassfurt.eu\/wp-content\/uploads\/2026\/04\/WhatsApp-Image-2026-04-08-at-15.40.09-3-300x225.jpeg 300w, https:\/\/www.orf-hassfurt.eu\/wp-content\/uploads\/2026\/04\/WhatsApp-Image-2026-04-08-at-15.40.09-3-768x576.jpeg 768w, https:\/\/www.orf-hassfurt.eu\/wp-content\/uploads\/2026\/04\/WhatsApp-Image-2026-04-08-at-15.40.09-3-1536x1152.jpeg 1536w, https:\/\/www.orf-hassfurt.eu\/wp-content\/uploads\/2026\/04\/WhatsApp-Image-2026-04-08-at-15.40.09-3.jpeg 1600w\" sizes=\"auto, (max-width: 1024px) 100vw, 1024px\" \/><\/a><\/div><\/div><div class=\"su-image-carousel-item\"><div class=\"su-image-carousel-item-content\"><a href=\"https:\/\/www.orf-hassfurt.eu\/wp-content\/uploads\/2026\/04\/WhatsApp-Image-2026-04-08-at-15.40.09-4.jpeg\" target=\"_blank\" rel=\"noopener noreferrer\" data-caption=\"\"><img loading=\"lazy\" decoding=\"async\" width=\"1024\" height=\"768\" src=\"https:\/\/www.orf-hassfurt.eu\/wp-content\/uploads\/2026\/04\/WhatsApp-Image-2026-04-08-at-15.40.09-4-1024x768.jpeg\" class=\"\" alt=\"\" srcset=\"https:\/\/www.orf-hassfurt.eu\/wp-content\/uploads\/2026\/04\/WhatsApp-Image-2026-04-08-at-15.40.09-4-1024x768.jpeg 1024w, https:\/\/www.orf-hassfurt.eu\/wp-content\/uploads\/2026\/04\/WhatsApp-Image-2026-04-08-at-15.40.09-4-300x225.jpeg 300w, https:\/\/www.orf-hassfurt.eu\/wp-content\/uploads\/2026\/04\/WhatsApp-Image-2026-04-08-at-15.40.09-4-768x576.jpeg 768w, https:\/\/www.orf-hassfurt.eu\/wp-content\/uploads\/2026\/04\/WhatsApp-Image-2026-04-08-at-15.40.09-4-1536x1152.jpeg 1536w, https:\/\/www.orf-hassfurt.eu\/wp-content\/uploads\/2026\/04\/WhatsApp-Image-2026-04-08-at-15.40.09-4.jpeg 1600w\" sizes=\"auto, (max-width: 1024px) 100vw, 1024px\" \/><\/a><\/div><\/div><div class=\"su-image-carousel-item\"><div class=\"su-image-carousel-item-content\"><a href=\"https:\/\/www.orf-hassfurt.eu\/wp-content\/uploads\/2026\/04\/WhatsApp-Image-2026-04-08-at-15.40.07.jpeg\" target=\"_blank\" rel=\"noopener noreferrer\" data-caption=\"\"><img loading=\"lazy\" decoding=\"async\" width=\"1024\" height=\"768\" src=\"https:\/\/www.orf-hassfurt.eu\/wp-content\/uploads\/2026\/04\/WhatsApp-Image-2026-04-08-at-15.40.07-1024x768.jpeg\" class=\"\" alt=\"\" srcset=\"https:\/\/www.orf-hassfurt.eu\/wp-content\/uploads\/2026\/04\/WhatsApp-Image-2026-04-08-at-15.40.07-1024x768.jpeg 1024w, https:\/\/www.orf-hassfurt.eu\/wp-content\/uploads\/2026\/04\/WhatsApp-Image-2026-04-08-at-15.40.07-300x225.jpeg 300w, https:\/\/www.orf-hassfurt.eu\/wp-content\/uploads\/2026\/04\/WhatsApp-Image-2026-04-08-at-15.40.07-768x576.jpeg 768w, https:\/\/www.orf-hassfurt.eu\/wp-content\/uploads\/2026\/04\/WhatsApp-Image-2026-04-08-at-15.40.07-1536x1152.jpeg 1536w, https:\/\/www.orf-hassfurt.eu\/wp-content\/uploads\/2026\/04\/WhatsApp-Image-2026-04-08-at-15.40.07.jpeg 1600w\" sizes=\"auto, (max-width: 1024px) 100vw, 1024px\" \/><\/a><\/div><\/div><\/div><script id=\"su_image_carousel_69d97f5bc901c_script\">if(window.SUImageCarousel){setTimeout(function() {window.SUImageCarousel.initGallery(document.getElementById(\"su_image_carousel_69d97f5bc901c\"))}, 0);}var su_image_carousel_69d97f5bc901c_script=document.getElementById(\"su_image_carousel_69d97f5bc901c_script\");if(su_image_carousel_69d97f5bc901c_script){su_image_carousel_69d97f5bc901c_script.parentNode.removeChild(su_image_carousel_69d97f5bc901c_script);}<\/script>\n\n\n<a href=\"https:\/\/www.orf-hassfurt.eu\/index.php\/onroad-strecke\/\" class=\"su-button su-button-style-bubbles\" style=\"color:#000000;background-color:#FE642E;border-color:#cc5025;border-radius:82px\" target=\"_self\"><span style=\"color:#000000;padding:0px 36px;font-size:26px;line-height:52px;border-color:#ff936d;border-radius:82px;text-shadow:none\"> Zur Onroadstrecke<\/span><\/a>    <a href=\"https:\/\/www.orf-hassfurt.eu\/index.php\/Crawler-strecke\/\" class=\"su-button su-button-style-bubbles\" style=\"color:#000000;background-color:#FE642E;border-color:#cc5025;border-radius:82px\" target=\"_self\"><span style=\"color:#000000;padding:0px 36px;font-size:26px;line-height:52px;border-color:#ff936d;border-radius:82px;text-shadow:none\"> Zur Crawlerstrecke<\/span><\/a>\n","protected":false},"excerpt":{"rendered":"<p>Die Offroadstrecke: Das ist unsere neue Offroad Strecke! Nach ein eineinhalb Jahren Umbauphase ist nun unsere Offroad Strecke fertig! Die urspr\u00fcngliche klasse Streckenf\u00fchrung ist an sich die gleiche geblieben, nur ist der Fahrbahnbelag komplett neu! Somit besteht unsere Strecke jetzt aus Schwei\u00dfbahn, Kunstrasen, Pflaster und Beton. Das Verh\u00e4ltnis der Bel\u00e4ge auf der Strecke ist gut [&hellip;]<\/p>\n","protected":false},"author":2,"featured_media":0,"parent":0,"menu_order":0,"comment_status":"closed","ping_status":"closed","template":"","meta":{"footnotes":""},"class_list":["post-308","page","type-page","status-publish","czr-hentry"],"aioseo_notices":[],"amp_enabled":true,"_links":{"self":[{"href":"https:\/\/www.orf-hassfurt.eu\/index.php\/wp-json\/wp\/v2\/pages\/308","targetHints":{"allow":["GET"]}}],"collection":[{"href":"https:\/\/www.orf-hassfurt.eu\/index.php\/wp-json\/wp\/v2\/pages"}],"about":[{"href":"https:\/\/www.orf-hassfurt.eu\/index.php\/wp-json\/wp\/v2\/types\/page"}],"author":[{"embeddable":true,"href":"https:\/\/www.orf-hassfurt.eu\/index.php\/wp-json\/wp\/v2\/users\/2"}],"replies":[{"embeddable":true,"href":"https:\/\/www.orf-hassfurt.eu\/index.php\/wp-json\/wp\/v2\/comments?post=308"}],"version-history":[{"count":18,"href":"https:\/\/www.orf-hassfurt.eu\/index.php\/wp-json\/wp\/v2\/pages\/308\/revisions"}],"predecessor-version":[{"id":1452,"href":"https:\/\/www.orf-hassfurt.eu\/index.php\/wp-json\/wp\/v2\/pages\/308\/revisions\/1452"}],"wp:attachment":[{"href":"https:\/\/www.orf-hassfurt.eu\/index.php\/wp-json\/wp\/v2\/media?parent=308"}],"curies":[{"name":"wp","href":"https:\/\/api.w.org\/{rel}","templated":true}]}}