{"id":305,"date":"2018-03-12T14:18:31","date_gmt":"2018-03-12T13:18:31","guid":{"rendered":"http:\/\/marchaepp.office.itstall.de\/?page_id=305"},"modified":"2021-06-21T11:46:01","modified_gmt":"2021-06-21T09:46:01","slug":"onroad-strecke","status":"publish","type":"page","link":"https:\/\/www.orf-hassfurt.eu\/index.php\/onroad-strecke\/","title":{"rendered":"Onroad Strecke"},"content":{"rendered":"<p>\u00a0<\/p>\n<p>Wer keine Lust auf Offroad hat und lieber ein paar Runden auf richtigen Stra\u00dfen fahren will, der findet hier seine Bestimmung.\u00a0<br \/>Auf dieser Strecke kann man richtig Gas geben aber man kann es auch ein bisschen ruhiger angehen lassen. Auf den langen Geraden kann man wunderbar aufs Gas dr\u00fccken und Bestzeiten in des Asphalt brennen. Da macht es keinen Unterschied ob man mit einem 1:10 oder 1:8 Fahrzeug unterwegs ist. Mit beiden Fahrzeugen sind extrem hohe Geschwindigkeiten zu erreichen. Aber wer es lieber etwas langsamer mag und mehr Kurven fahren m\u00f6chte, der kann auch die beiden Querspangen benutzen und so eine Technisch etwas anspruchsvollere Strecke befahren.\u00a0\u00a0<\/p>\n<p>Diese Strecke wird mit einer Transponderanlage versorgt. Die Z\u00e4hlschleife wurde so platziert, das man in jedem Fall eine Z\u00e4hlbare Runde f\u00e4hrt. Egal auf welchem Layout man unterwegs ist. Es ist m\u00f6glich die Strecke sowohl im als auch gegen den Uhrzeigersinn zu fahren.\u00a0 Selbstverst\u00e4ndlich muss man das mit den anderen Fahren absprechen. Schlie\u00dflich wollen wir ja keine Geisterfahrer die uns entgegenkommen.<\/p>\n<p>Die Glattbahn in Hassfurt wurde Urspr\u00fcnglich f\u00fcr Modelle im Ma\u00dfstab 1:5 gebaut, aber inzwischen werden Fahrzeuge dieser Gr\u00f6\u00dfe kaum noch betrieben. Aufgrund der relativ engen und kleinen Strecke ist das auch verst\u00e4ndlich.<\/p>\n<p><span class=\"ff1 cf0 fs48\"><strong>Die Glattbahn:<\/strong><\/span><\/p>\n<p><span class=\"fs24 ff1 cf0\">Streckenl\u00e4nge: ca. 220m<br \/>L\u00e4ngste Gerade: ca. 45m<br \/>N<\/span><span class=\"fs20 ff1 cf0\">ur Onroad Fahrzeuge bis maximal 1:5 (Offroadfahrzeuge sind <b>Verboten<\/b>!!)<\/span><\/p>\n\n<div class=\"su-image-carousel  su-image-carousel-columns-2 su-image-carousel-has-spacing su-image-carousel-crop su-image-carousel-crop-4-3 su-image-carousel-has-lightbox su-image-carousel-has-outline su-image-carousel-adaptive su-image-carousel-slides-style-photo su-image-carousel-controls-style-dark su-image-carousel-align-none\" style=\"\" data-flickity-options='{\"groupCells\":true,\"cellSelector\":\".su-image-carousel-item\",\"adaptiveHeight\":false,\"cellAlign\":\"left\",\"prevNextButtons\":true,\"pageDots\":false,\"autoPlay\":5000,\"imagesLoaded\":true,\"contain\":true,\"selectedAttraction\":0.025,\"friction\":0.28}' id=\"su_image_carousel_69d07a5ddb093\"><div class=\"su-image-carousel-item\"><div class=\"su-image-carousel-item-content\"><a href=\"https:\/\/www.orf-hassfurt.eu\/wp-content\/uploads\/2020\/06\/Onroad-neu.jpeg\" target=\"_blank\" rel=\"noopener noreferrer\" data-caption=\"\"><img loading=\"lazy\" decoding=\"async\" width=\"1024\" height=\"472\" src=\"https:\/\/www.orf-hassfurt.eu\/wp-content\/uploads\/2020\/06\/Onroad-neu-1024x472.jpeg\" class=\"\" alt=\"\" srcset=\"https:\/\/www.orf-hassfurt.eu\/wp-content\/uploads\/2020\/06\/Onroad-neu-1024x472.jpeg 1024w, https:\/\/www.orf-hassfurt.eu\/wp-content\/uploads\/2020\/06\/Onroad-neu-300x138.jpeg 300w, https:\/\/www.orf-hassfurt.eu\/wp-content\/uploads\/2020\/06\/Onroad-neu-768x354.jpeg 768w, https:\/\/www.orf-hassfurt.eu\/wp-content\/uploads\/2020\/06\/Onroad-neu-1536x708.jpeg 1536w, https:\/\/www.orf-hassfurt.eu\/wp-content\/uploads\/2020\/06\/Onroad-neu.jpeg 1600w\" sizes=\"auto, (max-width: 1024px) 100vw, 1024px\" \/><\/a><\/div><\/div><div class=\"su-image-carousel-item\"><div class=\"su-image-carousel-item-content\"><a href=\"https:\/\/www.orf-hassfurt.eu\/wp-content\/uploads\/2021\/06\/DJI_0260-scaled.jpg\" target=\"_blank\" rel=\"noopener noreferrer\" data-caption=\"created by dji camera\"><img loading=\"lazy\" decoding=\"async\" width=\"1024\" height=\"767\" src=\"https:\/\/www.orf-hassfurt.eu\/wp-content\/uploads\/2021\/06\/DJI_0260-1024x767.jpg\" class=\"\" alt=\"\" srcset=\"https:\/\/www.orf-hassfurt.eu\/wp-content\/uploads\/2021\/06\/DJI_0260-1024x767.jpg 1024w, https:\/\/www.orf-hassfurt.eu\/wp-content\/uploads\/2021\/06\/DJI_0260-300x225.jpg 300w, https:\/\/www.orf-hassfurt.eu\/wp-content\/uploads\/2021\/06\/DJI_0260-768x576.jpg 768w, https:\/\/www.orf-hassfurt.eu\/wp-content\/uploads\/2021\/06\/DJI_0260-1536x1151.jpg 1536w, https:\/\/www.orf-hassfurt.eu\/wp-content\/uploads\/2021\/06\/DJI_0260-2048x1535.jpg 2048w\" sizes=\"auto, (max-width: 1024px) 100vw, 1024px\" \/><\/a><\/div><\/div><div class=\"su-image-carousel-item\"><div class=\"su-image-carousel-item-content\"><a href=\"https:\/\/www.orf-hassfurt.eu\/wp-content\/uploads\/2020\/07\/DJI_0248-scaled.jpg\" target=\"_blank\" rel=\"noopener noreferrer\" data-caption=\"created by dji camera\"><img loading=\"lazy\" decoding=\"async\" width=\"1024\" height=\"576\" src=\"https:\/\/www.orf-hassfurt.eu\/wp-content\/uploads\/2020\/07\/DJI_0248-1024x576.jpg\" class=\"\" alt=\"\" srcset=\"https:\/\/www.orf-hassfurt.eu\/wp-content\/uploads\/2020\/07\/DJI_0248-1024x576.jpg 1024w, https:\/\/www.orf-hassfurt.eu\/wp-content\/uploads\/2020\/07\/DJI_0248-300x169.jpg 300w, https:\/\/www.orf-hassfurt.eu\/wp-content\/uploads\/2020\/07\/DJI_0248-768x432.jpg 768w, https:\/\/www.orf-hassfurt.eu\/wp-content\/uploads\/2020\/07\/DJI_0248-1536x863.jpg 1536w, https:\/\/www.orf-hassfurt.eu\/wp-content\/uploads\/2020\/07\/DJI_0248-2048x1151.jpg 2048w\" sizes=\"auto, (max-width: 1024px) 100vw, 1024px\" \/><\/a><\/div><\/div><div class=\"su-image-carousel-item\"><div class=\"su-image-carousel-item-content\"><a href=\"https:\/\/www.orf-hassfurt.eu\/wp-content\/uploads\/2020\/07\/DJI_0249-scaled.jpg\" target=\"_blank\" rel=\"noopener noreferrer\" data-caption=\"created by dji camera\"><img loading=\"lazy\" decoding=\"async\" width=\"1024\" height=\"576\" src=\"https:\/\/www.orf-hassfurt.eu\/wp-content\/uploads\/2020\/07\/DJI_0249-1024x576.jpg\" class=\"\" alt=\"\" srcset=\"https:\/\/www.orf-hassfurt.eu\/wp-content\/uploads\/2020\/07\/DJI_0249-1024x576.jpg 1024w, https:\/\/www.orf-hassfurt.eu\/wp-content\/uploads\/2020\/07\/DJI_0249-300x169.jpg 300w, https:\/\/www.orf-hassfurt.eu\/wp-content\/uploads\/2020\/07\/DJI_0249-768x432.jpg 768w, https:\/\/www.orf-hassfurt.eu\/wp-content\/uploads\/2020\/07\/DJI_0249-1536x863.jpg 1536w, https:\/\/www.orf-hassfurt.eu\/wp-content\/uploads\/2020\/07\/DJI_0249-2048x1151.jpg 2048w\" sizes=\"auto, (max-width: 1024px) 100vw, 1024px\" \/><\/a><\/div><\/div><div class=\"su-image-carousel-item\"><div class=\"su-image-carousel-item-content\"><a href=\"https:\/\/www.orf-hassfurt.eu\/wp-content\/uploads\/2021\/06\/DJI_0254-scaled.jpg\" target=\"_blank\" rel=\"noopener noreferrer\" data-caption=\"created by dji camera\"><img loading=\"lazy\" decoding=\"async\" width=\"1024\" height=\"767\" src=\"https:\/\/www.orf-hassfurt.eu\/wp-content\/uploads\/2021\/06\/DJI_0254-1024x767.jpg\" class=\"\" alt=\"\" srcset=\"https:\/\/www.orf-hassfurt.eu\/wp-content\/uploads\/2021\/06\/DJI_0254-1024x767.jpg 1024w, https:\/\/www.orf-hassfurt.eu\/wp-content\/uploads\/2021\/06\/DJI_0254-300x225.jpg 300w, https:\/\/www.orf-hassfurt.eu\/wp-content\/uploads\/2021\/06\/DJI_0254-768x576.jpg 768w, https:\/\/www.orf-hassfurt.eu\/wp-content\/uploads\/2021\/06\/DJI_0254-1536x1151.jpg 1536w, https:\/\/www.orf-hassfurt.eu\/wp-content\/uploads\/2021\/06\/DJI_0254-2048x1535.jpg 2048w\" sizes=\"auto, (max-width: 1024px) 100vw, 1024px\" \/><\/a><\/div><\/div><div class=\"su-image-carousel-item\"><div class=\"su-image-carousel-item-content\"><a href=\"https:\/\/www.orf-hassfurt.eu\/wp-content\/uploads\/2021\/06\/DJI_0257-scaled.jpg\" target=\"_blank\" rel=\"noopener noreferrer\" data-caption=\"created by dji camera\"><img loading=\"lazy\" decoding=\"async\" width=\"1024\" height=\"767\" src=\"https:\/\/www.orf-hassfurt.eu\/wp-content\/uploads\/2021\/06\/DJI_0257-1024x767.jpg\" class=\"\" alt=\"\" srcset=\"https:\/\/www.orf-hassfurt.eu\/wp-content\/uploads\/2021\/06\/DJI_0257-1024x767.jpg 1024w, https:\/\/www.orf-hassfurt.eu\/wp-content\/uploads\/2021\/06\/DJI_0257-300x225.jpg 300w, https:\/\/www.orf-hassfurt.eu\/wp-content\/uploads\/2021\/06\/DJI_0257-768x576.jpg 768w, https:\/\/www.orf-hassfurt.eu\/wp-content\/uploads\/2021\/06\/DJI_0257-1536x1151.jpg 1536w, https:\/\/www.orf-hassfurt.eu\/wp-content\/uploads\/2021\/06\/DJI_0257-2048x1535.jpg 2048w\" sizes=\"auto, (max-width: 1024px) 100vw, 1024px\" \/><\/a><\/div><\/div><div class=\"su-image-carousel-item\"><div class=\"su-image-carousel-item-content\"><a href=\"https:\/\/www.orf-hassfurt.eu\/wp-content\/uploads\/2021\/06\/DJI_0258-scaled.jpg\" target=\"_blank\" rel=\"noopener noreferrer\" data-caption=\"created by dji camera\"><img loading=\"lazy\" decoding=\"async\" width=\"1024\" height=\"767\" src=\"https:\/\/www.orf-hassfurt.eu\/wp-content\/uploads\/2021\/06\/DJI_0258-1024x767.jpg\" class=\"\" alt=\"\" srcset=\"https:\/\/www.orf-hassfurt.eu\/wp-content\/uploads\/2021\/06\/DJI_0258-1024x767.jpg 1024w, https:\/\/www.orf-hassfurt.eu\/wp-content\/uploads\/2021\/06\/DJI_0258-300x225.jpg 300w, https:\/\/www.orf-hassfurt.eu\/wp-content\/uploads\/2021\/06\/DJI_0258-768x576.jpg 768w, https:\/\/www.orf-hassfurt.eu\/wp-content\/uploads\/2021\/06\/DJI_0258-1536x1151.jpg 1536w, https:\/\/www.orf-hassfurt.eu\/wp-content\/uploads\/2021\/06\/DJI_0258-2048x1535.jpg 2048w\" sizes=\"auto, (max-width: 1024px) 100vw, 1024px\" \/><\/a><\/div><\/div><div class=\"su-image-carousel-item\"><div class=\"su-image-carousel-item-content\"><a href=\"https:\/\/www.orf-hassfurt.eu\/wp-content\/uploads\/2021\/06\/DJI_0259-scaled.jpg\" target=\"_blank\" rel=\"noopener noreferrer\" data-caption=\"created by dji camera\"><img loading=\"lazy\" decoding=\"async\" width=\"1024\" height=\"767\" src=\"https:\/\/www.orf-hassfurt.eu\/wp-content\/uploads\/2021\/06\/DJI_0259-1024x767.jpg\" class=\"\" alt=\"\" srcset=\"https:\/\/www.orf-hassfurt.eu\/wp-content\/uploads\/2021\/06\/DJI_0259-1024x767.jpg 1024w, https:\/\/www.orf-hassfurt.eu\/wp-content\/uploads\/2021\/06\/DJI_0259-300x225.jpg 300w, https:\/\/www.orf-hassfurt.eu\/wp-content\/uploads\/2021\/06\/DJI_0259-768x576.jpg 768w, https:\/\/www.orf-hassfurt.eu\/wp-content\/uploads\/2021\/06\/DJI_0259-1536x1151.jpg 1536w, https:\/\/www.orf-hassfurt.eu\/wp-content\/uploads\/2021\/06\/DJI_0259-2048x1535.jpg 2048w\" sizes=\"auto, (max-width: 1024px) 100vw, 1024px\" \/><\/a><\/div><\/div><\/div><script id=\"su_image_carousel_69d07a5ddb093_script\">if(window.SUImageCarousel){setTimeout(function() {window.SUImageCarousel.initGallery(document.getElementById(\"su_image_carousel_69d07a5ddb093\"))}, 0);}var su_image_carousel_69d07a5ddb093_script=document.getElementById(\"su_image_carousel_69d07a5ddb093_script\");if(su_image_carousel_69d07a5ddb093_script){su_image_carousel_69d07a5ddb093_script.parentNode.removeChild(su_image_carousel_69d07a5ddb093_script);}<\/script>\n\n\n<a href=\"https:\/\/www.orf-hassfurt.eu\/index.php\/crawler-strecke\/\" class=\"su-button su-button-style-bubbles\" style=\"color:#000000;background-color:#FE642E;border-color:#cc5025;border-radius:82px\" target=\"_self\"><span style=\"color:#000000;padding:0px 36px;font-size:26px;line-height:52px;border-color:#ff936d;border-radius:82px;text-shadow:none\"> Zur Crawlerstrecke<\/span><\/a>    <a href=\"https:\/\/www.orf-hassfurt.eu\/index.php\/offroad-strecke\/\" class=\"su-button su-button-style-bubbles\" style=\"color:#000000;background-color:#FE642E;border-color:#cc5025;border-radius:82px\" target=\"_self\"><span style=\"color:#000000;padding:0px 36px;font-size:26px;line-height:52px;border-color:#ff936d;border-radius:82px;text-shadow:none\"> Zur Offroadstrecke<\/span><\/a>\n","protected":false},"excerpt":{"rendered":"<p>\u00a0 Wer keine Lust auf Offroad hat und lieber ein paar Runden auf richtigen Stra\u00dfen fahren will, der findet hier seine Bestimmung.\u00a0Auf dieser Strecke kann man richtig Gas geben aber man kann es auch ein bisschen ruhiger angehen lassen. Auf den langen Geraden kann man wunderbar aufs Gas dr\u00fccken und Bestzeiten in des Asphalt brennen. [&hellip;]<\/p>\n","protected":false},"author":2,"featured_media":0,"parent":0,"menu_order":0,"comment_status":"closed","ping_status":"closed","template":"","meta":{"footnotes":""},"class_list":["post-305","page","type-page","status-publish","czr-hentry"],"aioseo_notices":[],"amp_enabled":true,"_links":{"self":[{"href":"https:\/\/www.orf-hassfurt.eu\/index.php\/wp-json\/wp\/v2\/pages\/305","targetHints":{"allow":["GET"]}}],"collection":[{"href":"https:\/\/www.orf-hassfurt.eu\/index.php\/wp-json\/wp\/v2\/pages"}],"about":[{"href":"https:\/\/www.orf-hassfurt.eu\/index.php\/wp-json\/wp\/v2\/types\/page"}],"author":[{"embeddable":true,"href":"https:\/\/www.orf-hassfurt.eu\/index.php\/wp-json\/wp\/v2\/users\/2"}],"replies":[{"embeddable":true,"href":"https:\/\/www.orf-hassfurt.eu\/index.php\/wp-json\/wp\/v2\/comments?post=305"}],"version-history":[{"count":24,"href":"https:\/\/www.orf-hassfurt.eu\/index.php\/wp-json\/wp\/v2\/pages\/305\/revisions"}],"predecessor-version":[{"id":1104,"href":"https:\/\/www.orf-hassfurt.eu\/index.php\/wp-json\/wp\/v2\/pages\/305\/revisions\/1104"}],"wp:attachment":[{"href":"https:\/\/www.orf-hassfurt.eu\/index.php\/wp-json\/wp\/v2\/media?parent=305"}],"curies":[{"name":"wp","href":"https:\/\/api.w.org\/{rel}","templated":true}]}}