{"id":237,"date":"2018-03-09T15:59:07","date_gmt":"2018-03-09T14:59:07","guid":{"rendered":"http:\/\/marchaepp.office.itstall.de\/?page_id=237"},"modified":"2024-04-11T09:51:38","modified_gmt":"2024-04-11T07:51:38","slug":"mitgliedschaft","status":"publish","type":"page","link":"https:\/\/www.orf-hassfurt.eu\/index.php\/mitgliedschaft\/","title":{"rendered":"Mitgliedschaft"},"content":{"rendered":"<p><strong>Der J\u00e4hrliche Mitgliedsbeitrag beim ORF Hassfurt betr\u00e4g:<\/strong><\/p>\n<table id=\"table_1416\">\n<tbody>\n<tr class=\"row_0 row_first even\">\n<td class=\"col_0 col_first\">Erwachsene<\/td>\n<td class=\"col_1 col_last\">100,- \u20ac \/ Jahr<\/td>\n<\/tr>\n<tr class=\"row_1 odd\">\n<td class=\"col_0 col_first\">Auszubildende<\/td>\n<td class=\"col_1 col_last\">30,- \u20ac \/ Jahr<\/td>\n<\/tr>\n<tr class=\"row_2 even\">\n<td class=\"col_0 col_first\">Jugendliche ab 13 J.<\/td>\n<td class=\"col_1 col_last\">20,- \u20ac \/ Jahr<\/td>\n<\/tr>\n<\/tbody>\n<\/table>\n<p>Die einmalige Aufnamegeb\u00fchr f\u00fcr Neumitglieder bel\u00e4uft sich auf 30,- \u20ac<\/p>\n<h2>Mitgliedschaft im DMC<\/h2>\n<p>Wer m\u00f6chte kann \u00fcber uns die Mitgliedschaft im<a href=\"http:\/\/www.dmc-online.com\" target=\"_blank\" rel=\"noopener\"> \u201eDeutschen Minicar Club e.V.\u201c<\/a>, kurz \u201eDMC\u201c beantragen. Die Mitgliedschaft im DMC setzt zwingend die Mitgliedschaft in einem dem DMC angeh\u00f6renden Ortsclub voraus.<\/p>\n<p>Wer an offiziellen DMC Rennen (z.b TTSC oder L\u00f6ffler Cup) teilnehmen will und nicht im DMC ist, der muss 4\u20ac extra Startgeb\u00fchr Zahlen um auf der Veranstaltung versichert zu sein.<\/p>\n<h3>Die DMC-Angeh\u00f6rigkeit schlie\u00dft ein:<\/h3>\n<ol>\n<li class=\"first\">eine Haftpflichtversicherung, die die Risiken des Betriebs eines RC-Cars abdeckt.<\/li>\n<li class=\"last\">eine nationale Fahrerlizenz, die Voraussetzung zur Teilnahme an Sportkreis- und Deutschen Meisterschaften ist<\/li>\n<\/ol>\n<p><strong>Europ\u00e4ische und Internationale Fahrerlizenzen sind allerdings an weitere Voraussetzungen gebunden und verursachen weitere Kosten.<\/strong><\/p>\n<div class=\"ce_table block\">\n<h3>Der DMC erhebt j\u00e4hrliche Mitgliedsbeitr\u00e4ge von:<\/h3>\n<table id=\"table_1410\">\n<tbody>\n<tr class=\"row_0 row_first even\">\n<td class=\"col_0 col_first\">Erwachsene<\/td>\n<td class=\"col_1 col_last\">48,- \u20ac<\/td>\n<\/tr>\n<tr class=\"row_1 row_last odd\">\n<td class=\"col_0 col_first\">Kinder und Jugendliche<\/td>\n<td class=\"col_1 col_last\">24,- \u20ac<\/td>\n<\/tr>\n<\/tbody>\n<\/table>\n<\/div>\n<p>Erwachsene zahlen bei neu einstig zus\u00e4tzliche einmalig 10,- \u20ac<br \/>\nDiese Beitr\u00e4ge werden vom ORF Hassfurt abgebucht und an den DMC weitergeleitet<\/p>\n","protected":false},"excerpt":{"rendered":"<p>Der J\u00e4hrliche Mitgliedsbeitrag beim ORF Hassfurt betr\u00e4g: Erwachsene 100,- \u20ac \/ Jahr Auszubildende 30,- \u20ac \/ Jahr Jugendliche ab 13 J. 20,- \u20ac \/ Jahr Die einmalige Aufnamegeb\u00fchr f\u00fcr Neumitglieder bel\u00e4uft sich auf 30,- \u20ac Mitgliedschaft im DMC Wer m\u00f6chte kann \u00fcber uns die Mitgliedschaft im \u201eDeutschen Minicar Club e.V.\u201c, kurz \u201eDMC\u201c beantragen. Die Mitgliedschaft [&hellip;]<\/p>\n","protected":false},"author":2,"featured_media":0,"parent":0,"menu_order":0,"comment_status":"closed","ping_status":"closed","template":"","meta":{"footnotes":""},"class_list":["post-237","page","type-page","status-publish","czr-hentry"],"aioseo_notices":[],"amp_enabled":true,"_links":{"self":[{"href":"https:\/\/www.orf-hassfurt.eu\/index.php\/wp-json\/wp\/v2\/pages\/237","targetHints":{"allow":["GET"]}}],"collection":[{"href":"https:\/\/www.orf-hassfurt.eu\/index.php\/wp-json\/wp\/v2\/pages"}],"about":[{"href":"https:\/\/www.orf-hassfurt.eu\/index.php\/wp-json\/wp\/v2\/types\/page"}],"author":[{"embeddable":true,"href":"https:\/\/www.orf-hassfurt.eu\/index.php\/wp-json\/wp\/v2\/users\/2"}],"replies":[{"embeddable":true,"href":"https:\/\/www.orf-hassfurt.eu\/index.php\/wp-json\/wp\/v2\/comments?post=237"}],"version-history":[{"count":16,"href":"https:\/\/www.orf-hassfurt.eu\/index.php\/wp-json\/wp\/v2\/pages\/237\/revisions"}],"predecessor-version":[{"id":1398,"href":"https:\/\/www.orf-hassfurt.eu\/index.php\/wp-json\/wp\/v2\/pages\/237\/revisions\/1398"}],"wp:attachment":[{"href":"https:\/\/www.orf-hassfurt.eu\/index.php\/wp-json\/wp\/v2\/media?parent=237"}],"curies":[{"name":"wp","href":"https:\/\/api.w.org\/{rel}","templated":true}]}}