{"id":223,"date":"2018-03-09T15:45:13","date_gmt":"2018-03-09T14:45:13","guid":{"rendered":"http:\/\/marchaepp.office.itstall.de\/?page_id=223"},"modified":"2022-02-28T19:39:16","modified_gmt":"2022-02-28T18:39:16","slug":"impressum","status":"publish","type":"page","link":"https:\/\/www.orf-hassfurt.eu\/index.php\/impressum\/","title":{"rendered":"Impressum"},"content":{"rendered":"<div id=\"imContent\">\n<div id=\"imCell_1\" class=\"imGrid[0, 1]\">\n<div id=\"imCellStyle_1\">\n<div id=\"imTextObject_1_tab0\" class=\"text-tab-content\">\n<div class=\"text-inner\">\n<div id=\"ui-id-1\" class=\"accordion-content content0 ui-accordion-content ui-helper-reset ui-widget-content ui-corner-bottom ui-accordion-content-active\" role=\"tabpanel\" aria-labelledby=\"header-0\" aria-hidden=\"false\">\n<p>ORF Hassfurt e.V<br \/>\nAm Moosanger<br \/>\n97437 Hassfurt<\/p>\n<p>Vertreten durch:<br \/>\n1. Vorstand: Oliver Helfrich<br \/>\n2. Vorstand: Marco Wambach<br \/>\nE-Mail: info@orf-hassfurt.eu<\/p>\n<p>Registereintrag:<br \/>\nEingetragen im Vereinsregister.<br \/>\nRegistergericht: Amtsgericht Bamberg<br \/>\nRegisternummer: 20647<\/p>\n<p>Keine Abmahnung \u201eohne\u201c vorherige Absprache !<\/p>\n<p>Sollten Inhalt oder Aufmachung dieser Website Rechte Dritter oder gesetzliche Bestimmungen verletzen, bitten wir um Benachrichtigung ohne Ausstellung einer Kostennote. Zu Recht beanstandeten Passagen werden unverz\u00fcglich entfernt, so dass die Einschaltung eines Rechtsbeistandes nicht erforderlich ist. Dennoch von Ihnen ohne vorherige Kontaktaufnahme ausgel\u00f6ste Kosten werden wir vollumf\u00e4nglich zur\u00fcckweisen und u. U. Gegenklage wegen Verletzung der vorgenannter Bestimmungen einreichen.<br \/>\nAlle genannten Marken sind Eigentum der jeweiligen Inhaber.<\/p>\n<p>Quelle: Impressum-Generator von Impressum-Recht.de<\/p>\n<\/div>\n<\/div>\n<\/div>\n<\/div>\n<\/div>\n<\/div>\n","protected":false},"excerpt":{"rendered":"<p>ORF Hassfurt e.V Am Moosanger 97437 Hassfurt Vertreten durch: 1. Vorstand: Oliver Helfrich 2. Vorstand: Marco Wambach E-Mail: info@orf-hassfurt.eu Registereintrag: Eingetragen im Vereinsregister. Registergericht: Amtsgericht Bamberg Registernummer: 20647 Keine Abmahnung \u201eohne\u201c vorherige Absprache ! Sollten Inhalt oder Aufmachung dieser Website Rechte Dritter oder gesetzliche Bestimmungen verletzen, bitten wir um Benachrichtigung ohne Ausstellung einer Kostennote. Zu [&hellip;]<\/p>\n","protected":false},"author":2,"featured_media":0,"parent":0,"menu_order":0,"comment_status":"closed","ping_status":"closed","template":"","meta":{"footnotes":""},"class_list":["post-223","page","type-page","status-publish","czr-hentry"],"aioseo_notices":[],"amp_enabled":true,"_links":{"self":[{"href":"https:\/\/www.orf-hassfurt.eu\/index.php\/wp-json\/wp\/v2\/pages\/223","targetHints":{"allow":["GET"]}}],"collection":[{"href":"https:\/\/www.orf-hassfurt.eu\/index.php\/wp-json\/wp\/v2\/pages"}],"about":[{"href":"https:\/\/www.orf-hassfurt.eu\/index.php\/wp-json\/wp\/v2\/types\/page"}],"author":[{"embeddable":true,"href":"https:\/\/www.orf-hassfurt.eu\/index.php\/wp-json\/wp\/v2\/users\/2"}],"replies":[{"embeddable":true,"href":"https:\/\/www.orf-hassfurt.eu\/index.php\/wp-json\/wp\/v2\/comments?post=223"}],"version-history":[{"count":9,"href":"https:\/\/www.orf-hassfurt.eu\/index.php\/wp-json\/wp\/v2\/pages\/223\/revisions"}],"predecessor-version":[{"id":1209,"href":"https:\/\/www.orf-hassfurt.eu\/index.php\/wp-json\/wp\/v2\/pages\/223\/revisions\/1209"}],"wp:attachment":[{"href":"https:\/\/www.orf-hassfurt.eu\/index.php\/wp-json\/wp\/v2\/media?parent=223"}],"curies":[{"name":"wp","href":"https:\/\/api.w.org\/{rel}","templated":true}]}}