{"id":1403,"date":"2024-04-12T08:00:11","date_gmt":"2024-04-12T06:00:11","guid":{"rendered":"https:\/\/www.orf-hassfurt.eu\/?page_id=1403"},"modified":"2024-04-12T08:00:12","modified_gmt":"2024-04-12T06:00:12","slug":"tipps-fuer-einsteiger","status":"publish","type":"page","link":"https:\/\/www.orf-hassfurt.eu\/index.php\/tipps-fuer-einsteiger\/","title":{"rendered":"Tipps f\u00fcr Einsteiger"},"content":{"rendered":"\n<p class=\"has-text-align-center\">Ihr wollt euch ein eigenes RC-Auto kaufen, aber wisst nicht welches Auto zu euch und euren Bed\u00fcrfnissen passt? <br><br>Dann empfehlen wir euch <a href=\"https:\/\/www.idealo.de\/magazin\/freizeit\/rc-autos-tipps-fuer-anfaenger\" target=\"_blank\" rel=\"noreferrer noopener\"><strong>diesen RC-Auto-Ratgeber<\/strong><\/a>. Hier bekommt ihr einen ersten \u00dcberblick zu den verschiedenen Modellen und ihren Eigenschaften. Egal ob ihr im Gel\u00e4nde oder auf Asphalt fahren wollt, hier findet ihr zu fast allen Variationen einige gute Tipps und Erkl\u00e4rungen.<br><br>Wenn ihr lieber den Pers\u00f6nlichen Kontakt habt, sind wir nat\u00fcrlich auch f\u00fcr euch da.<br>Erreichen k\u00f6nnt ihr uns \u00fcber das <a href=\"https:\/\/www.orf-hassfurt.eu\/index.php\/kontakt\/\">Kontaktformular<\/a>, einer Mail an\u00a0<a href=\"mailto:info@orf-hassfurt.eu\">info@orf-hassfurt.eu<\/a> oder einer Nachricht \u00fcber unsere <a href=\"https:\/\/www.facebook.com\/orfhassfurt\/\" target=\"_blank\" rel=\"noreferrer noopener\">Facebook Seite<\/a>.<br>Gerne k\u00f6nnt ihr uns nach Absprache auch direkt auf unserem Gel\u00e4nde antreffen.<\/p>\n\n\n<div class=\"wp-block-image\">\n<figure class=\"aligncenter size-full\"><img loading=\"lazy\" decoding=\"async\" width=\"250\" height=\"306\" src=\"https:\/\/www.orf-hassfurt.eu\/wp-content\/uploads\/2021\/05\/Grau-Braun-Logo-e1712901139478.png\" alt=\"\" class=\"wp-image-1016\"\/><\/figure>\n<\/div>","protected":false},"excerpt":{"rendered":"<p>Ihr wollt euch ein eigenes RC-Auto kaufen, aber wisst nicht welches Auto zu euch und euren Bed\u00fcrfnissen passt? Dann empfehlen wir euch diesen RC-Auto-Ratgeber. Hier bekommt ihr einen ersten \u00dcberblick zu den verschiedenen Modellen und ihren Eigenschaften. Egal ob ihr im Gel\u00e4nde oder auf Asphalt fahren wollt, hier findet ihr zu fast allen Variationen einige [&hellip;]<\/p>\n","protected":false},"author":2,"featured_media":0,"parent":0,"menu_order":0,"comment_status":"closed","ping_status":"closed","template":"","meta":{"footnotes":""},"class_list":["post-1403","page","type-page","status-publish","czr-hentry"],"aioseo_notices":[],"amp_enabled":true,"_links":{"self":[{"href":"https:\/\/www.orf-hassfurt.eu\/index.php\/wp-json\/wp\/v2\/pages\/1403","targetHints":{"allow":["GET"]}}],"collection":[{"href":"https:\/\/www.orf-hassfurt.eu\/index.php\/wp-json\/wp\/v2\/pages"}],"about":[{"href":"https:\/\/www.orf-hassfurt.eu\/index.php\/wp-json\/wp\/v2\/types\/page"}],"author":[{"embeddable":true,"href":"https:\/\/www.orf-hassfurt.eu\/index.php\/wp-json\/wp\/v2\/users\/2"}],"replies":[{"embeddable":true,"href":"https:\/\/www.orf-hassfurt.eu\/index.php\/wp-json\/wp\/v2\/comments?post=1403"}],"version-history":[{"count":7,"href":"https:\/\/www.orf-hassfurt.eu\/index.php\/wp-json\/wp\/v2\/pages\/1403\/revisions"}],"predecessor-version":[{"id":1411,"href":"https:\/\/www.orf-hassfurt.eu\/index.php\/wp-json\/wp\/v2\/pages\/1403\/revisions\/1411"}],"wp:attachment":[{"href":"https:\/\/www.orf-hassfurt.eu\/index.php\/wp-json\/wp\/v2\/media?parent=1403"}],"curies":[{"name":"wp","href":"https:\/\/api.w.org\/{rel}","templated":true}]}}